{"id":1249,"date":"2018-01-09T14:41:06","date_gmt":"2018-01-09T13:41:06","guid":{"rendered":"https:\/\/www.jankovits.hu\/automatizalas\/"},"modified":"2019-04-16T14:08:50","modified_gmt":"2019-04-16T12:08:50","slug":"automation","status":"publish","type":"page","link":"https:\/\/www.jankovits.hu\/en\/automation\/","title":{"rendered":"Automation"},"content":{"rendered":"<p>In line with the keep increasing automation demands characterising the industry, today we manufacture fully automated single-purpose machines, frequently with robot-aided services, quality checking processes, which in increasing number of cases are integrated in production control systems and collect technological and manufacturing parameters into databases. Automation of work processes meeting unique demands, creation of automatic machines require careful design and substantial expertise, where technology, engineering, electricity and information technology form a harmonic unit.<br \/>\nThe digitalized machines developed and manufactured by us offer the following advantages:<\/p>\n<ul>\n<li>savings in manpower<\/li>\n<li>higher productivity and machine availability<\/li>\n<li>increased manufacturing volume<\/li>\n<li>energy savings<\/li>\n<li>forward production planning<\/li>\n<li>more effective health and safety solutions<\/li>\n<li>greater workplace safety<\/li>\n<li>faster change between product types and workflows<\/li>\n<li>top quality technology data collection and production monitoring<\/li>\n<\/ul>\n","protected":false},"excerpt":{"rendered":"<p>In line with the keep increasing automation demands characterising the industry, today we manufacture fully automated single-purpose machines, frequently with robot-aided services, quality checking processes, which in increasing number of cases are integrated in production control systems and collect technological \u2026<\/p>\n<p><a class=\"button text-no-hollow\" href=\"https:\/\/www.jankovits.hu\/en\/automation\/\" rel=\"nofollow\">Read More<\/a><\/p>\n","protected":false},"author":1,"featured_media":973,"parent":0,"menu_order":0,"comment_status":"closed","ping_status":"closed","template":"gyartas.php","meta":{"footnotes":""},"class_list":["post-1249","page","type-page","status-publish","has-post-thumbnail","hentry"],"yoast_head":"<!-- This site is optimized with the Yoast SEO plugin v27.6 - https:\/\/yoast.com\/product\/yoast-seo-wordpress\/ -->\n<title>Automation - Jankovits Engineering<\/title>\n<meta name=\"robots\" content=\"index, follow, max-snippet:-1, max-image-preview:large, max-video-preview:-1\" \/>\n<link rel=\"canonical\" href=\"https:\/\/www.jankovits.hu\/en\/automation\/\" \/>\n<meta property=\"og:locale\" content=\"en_US\" \/>\n<meta property=\"og:type\" content=\"article\" \/>\n<meta property=\"og:title\" content=\"Automation - Jankovits Engineering\" \/>\n<meta property=\"og:description\" content=\"In line with the keep increasing automation demands characterising the industry, today we manufacture fully automated single-purpose machines, frequently with robot-aided services, quality checking processes, which in increasing number of cases are integrated in production control systems and collect technological \u2026Read More\" \/>\n<meta property=\"og:url\" content=\"https:\/\/www.jankovits.hu\/en\/automation\/\" \/>\n<meta property=\"og:site_name\" content=\"Jankovits Engineering\" \/>\n<meta property=\"article:publisher\" content=\"https:\/\/www.facebook.com\/jankovitsengineering\/\" \/>\n<meta property=\"article:modified_time\" content=\"2019-04-16T12:08:50+00:00\" \/>\n<meta property=\"og:image\" content=\"https:\/\/www.jankovits.hu\/wp-content\/uploads\/2018\/02\/automatizalas.jpg\" \/>\n\t<meta property=\"og:image:width\" content=\"1280\" \/>\n\t<meta property=\"og:image:height\" content=\"622\" \/>\n\t<meta property=\"og:image:type\" content=\"image\/jpeg\" \/>\n<meta name=\"twitter:card\" content=\"summary_large_image\" \/>\n<meta name=\"twitter:label1\" content=\"Est. reading time\" \/>\n\t<meta name=\"twitter:data1\" content=\"1 minute\" \/>\n<script type=\"application\/ld+json\" class=\"yoast-schema-graph\">{\"@context\":\"https:\\\/\\\/schema.org\",\"@graph\":[{\"@type\":\"WebPage\",\"@id\":\"https:\\\/\\\/www.jankovits.hu\\\/en\\\/automation\\\/\",\"url\":\"https:\\\/\\\/www.jankovits.hu\\\/en\\\/automation\\\/\",\"name\":\"Automation - Jankovits Engineering\",\"isPartOf\":{\"@id\":\"https:\\\/\\\/www.jankovits.hu\\\/en\\\/#website\"},\"primaryImageOfPage\":{\"@id\":\"https:\\\/\\\/www.jankovits.hu\\\/en\\\/automation\\\/#primaryimage\"},\"image\":{\"@id\":\"https:\\\/\\\/www.jankovits.hu\\\/en\\\/automation\\\/#primaryimage\"},\"thumbnailUrl\":\"https:\\\/\\\/www.jankovits.hu\\\/wp-content\\\/uploads\\\/2018\\\/02\\\/automatizalas.jpg\",\"datePublished\":\"2018-01-09T13:41:06+00:00\",\"dateModified\":\"2019-04-16T12:08:50+00:00\",\"breadcrumb\":{\"@id\":\"https:\\\/\\\/www.jankovits.hu\\\/en\\\/automation\\\/#breadcrumb\"},\"inLanguage\":\"en-US\",\"potentialAction\":[{\"@type\":\"ReadAction\",\"target\":[\"https:\\\/\\\/www.jankovits.hu\\\/en\\\/automation\\\/\"]}]},{\"@type\":\"ImageObject\",\"inLanguage\":\"en-US\",\"@id\":\"https:\\\/\\\/www.jankovits.hu\\\/en\\\/automation\\\/#primaryimage\",\"url\":\"https:\\\/\\\/www.jankovits.hu\\\/wp-content\\\/uploads\\\/2018\\\/02\\\/automatizalas.jpg\",\"contentUrl\":\"https:\\\/\\\/www.jankovits.hu\\\/wp-content\\\/uploads\\\/2018\\\/02\\\/automatizalas.jpg\",\"width\":1280,\"height\":622,\"caption\":\"Automatiz\u00e1l\u00e1s\"},{\"@type\":\"BreadcrumbList\",\"@id\":\"https:\\\/\\\/www.jankovits.hu\\\/en\\\/automation\\\/#breadcrumb\",\"itemListElement\":[{\"@type\":\"ListItem\",\"position\":1,\"name\":\"F\u0151oldal\",\"item\":\"https:\\\/\\\/www.jankovits.hu\\\/en\\\/\"},{\"@type\":\"ListItem\",\"position\":2,\"name\":\"Automation\"}]},{\"@type\":\"WebSite\",\"@id\":\"https:\\\/\\\/www.jankovits.hu\\\/en\\\/#website\",\"url\":\"https:\\\/\\\/www.jankovits.hu\\\/en\\\/\",\"name\":\"Jankovits Engineering\",\"description\":\"...\u00e9s az \u00f6tlet m\u0171k\u00f6dik.\",\"publisher\":{\"@id\":\"https:\\\/\\\/www.jankovits.hu\\\/en\\\/#organization\"},\"potentialAction\":[{\"@type\":\"SearchAction\",\"target\":{\"@type\":\"EntryPoint\",\"urlTemplate\":\"https:\\\/\\\/www.jankovits.hu\\\/en\\\/?s={search_term_string}\"},\"query-input\":{\"@type\":\"PropertyValueSpecification\",\"valueRequired\":true,\"valueName\":\"search_term_string\"}}],\"inLanguage\":\"en-US\"},{\"@type\":\"Organization\",\"@id\":\"https:\\\/\\\/www.jankovits.hu\\\/en\\\/#organization\",\"name\":\"Jankovits Engineering Kft.\",\"url\":\"https:\\\/\\\/www.jankovits.hu\\\/en\\\/\",\"logo\":{\"@type\":\"ImageObject\",\"inLanguage\":\"en-US\",\"@id\":\"https:\\\/\\\/www.jankovits.hu\\\/en\\\/#\\\/schema\\\/logo\\\/image\\\/\",\"url\":\"https:\\\/\\\/www.jankovits.hu\\\/wp-content\\\/uploads\\\/2017\\\/06\\\/70902612.jpg\",\"contentUrl\":\"https:\\\/\\\/www.jankovits.hu\\\/wp-content\\\/uploads\\\/2017\\\/06\\\/70902612.jpg\",\"width\":640,\"height\":426,\"caption\":\"Jankovits Engineering Kft.\"},\"image\":{\"@id\":\"https:\\\/\\\/www.jankovits.hu\\\/en\\\/#\\\/schema\\\/logo\\\/image\\\/\"},\"sameAs\":[\"https:\\\/\\\/www.facebook.com\\\/jankovitsengineering\\\/\",\"https:\\\/\\\/www.linkedin.com\\\/company\\\/jankovitsengineering\",\"https:\\\/\\\/www.youtube.com\\\/channel\\\/UCLlfwpLUTCnolx27lIAS7kQ\\\/videos\"]}]}<\/script>\n<!-- \/ Yoast SEO plugin. -->","yoast_head_json":{"title":"Automation - Jankovits Engineering","robots":{"index":"index","follow":"follow","max-snippet":"max-snippet:-1","max-image-preview":"max-image-preview:large","max-video-preview":"max-video-preview:-1"},"canonical":"https:\/\/www.jankovits.hu\/en\/automation\/","og_locale":"en_US","og_type":"article","og_title":"Automation - Jankovits Engineering","og_description":"In line with the keep increasing automation demands characterising the industry, today we manufacture fully automated single-purpose machines, frequently with robot-aided services, quality checking processes, which in increasing number of cases are integrated in production control systems and collect technological \u2026Read More","og_url":"https:\/\/www.jankovits.hu\/en\/automation\/","og_site_name":"Jankovits Engineering","article_publisher":"https:\/\/www.facebook.com\/jankovitsengineering\/","article_modified_time":"2019-04-16T12:08:50+00:00","og_image":[{"width":1280,"height":622,"url":"https:\/\/www.jankovits.hu\/wp-content\/uploads\/2018\/02\/automatizalas.jpg","type":"image\/jpeg"}],"twitter_card":"summary_large_image","twitter_misc":{"Est. reading time":"1 minute"},"schema":{"@context":"https:\/\/schema.org","@graph":[{"@type":"WebPage","@id":"https:\/\/www.jankovits.hu\/en\/automation\/","url":"https:\/\/www.jankovits.hu\/en\/automation\/","name":"Automation - Jankovits Engineering","isPartOf":{"@id":"https:\/\/www.jankovits.hu\/en\/#website"},"primaryImageOfPage":{"@id":"https:\/\/www.jankovits.hu\/en\/automation\/#primaryimage"},"image":{"@id":"https:\/\/www.jankovits.hu\/en\/automation\/#primaryimage"},"thumbnailUrl":"https:\/\/www.jankovits.hu\/wp-content\/uploads\/2018\/02\/automatizalas.jpg","datePublished":"2018-01-09T13:41:06+00:00","dateModified":"2019-04-16T12:08:50+00:00","breadcrumb":{"@id":"https:\/\/www.jankovits.hu\/en\/automation\/#breadcrumb"},"inLanguage":"en-US","potentialAction":[{"@type":"ReadAction","target":["https:\/\/www.jankovits.hu\/en\/automation\/"]}]},{"@type":"ImageObject","inLanguage":"en-US","@id":"https:\/\/www.jankovits.hu\/en\/automation\/#primaryimage","url":"https:\/\/www.jankovits.hu\/wp-content\/uploads\/2018\/02\/automatizalas.jpg","contentUrl":"https:\/\/www.jankovits.hu\/wp-content\/uploads\/2018\/02\/automatizalas.jpg","width":1280,"height":622,"caption":"Automatiz\u00e1l\u00e1s"},{"@type":"BreadcrumbList","@id":"https:\/\/www.jankovits.hu\/en\/automation\/#breadcrumb","itemListElement":[{"@type":"ListItem","position":1,"name":"F\u0151oldal","item":"https:\/\/www.jankovits.hu\/en\/"},{"@type":"ListItem","position":2,"name":"Automation"}]},{"@type":"WebSite","@id":"https:\/\/www.jankovits.hu\/en\/#website","url":"https:\/\/www.jankovits.hu\/en\/","name":"Jankovits Engineering","description":"...\u00e9s az \u00f6tlet m\u0171k\u00f6dik.","publisher":{"@id":"https:\/\/www.jankovits.hu\/en\/#organization"},"potentialAction":[{"@type":"SearchAction","target":{"@type":"EntryPoint","urlTemplate":"https:\/\/www.jankovits.hu\/en\/?s={search_term_string}"},"query-input":{"@type":"PropertyValueSpecification","valueRequired":true,"valueName":"search_term_string"}}],"inLanguage":"en-US"},{"@type":"Organization","@id":"https:\/\/www.jankovits.hu\/en\/#organization","name":"Jankovits Engineering Kft.","url":"https:\/\/www.jankovits.hu\/en\/","logo":{"@type":"ImageObject","inLanguage":"en-US","@id":"https:\/\/www.jankovits.hu\/en\/#\/schema\/logo\/image\/","url":"https:\/\/www.jankovits.hu\/wp-content\/uploads\/2017\/06\/70902612.jpg","contentUrl":"https:\/\/www.jankovits.hu\/wp-content\/uploads\/2017\/06\/70902612.jpg","width":640,"height":426,"caption":"Jankovits Engineering Kft."},"image":{"@id":"https:\/\/www.jankovits.hu\/en\/#\/schema\/logo\/image\/"},"sameAs":["https:\/\/www.facebook.com\/jankovitsengineering\/","https:\/\/www.linkedin.com\/company\/jankovitsengineering","https:\/\/www.youtube.com\/channel\/UCLlfwpLUTCnolx27lIAS7kQ\/videos"]}]}},"_links":{"self":[{"href":"https:\/\/www.jankovits.hu\/en\/wp-json\/wp\/v2\/pages\/1249","targetHints":{"allow":["GET"]}}],"collection":[{"href":"https:\/\/www.jankovits.hu\/en\/wp-json\/wp\/v2\/pages"}],"about":[{"href":"https:\/\/www.jankovits.hu\/en\/wp-json\/wp\/v2\/types\/page"}],"author":[{"embeddable":true,"href":"https:\/\/www.jankovits.hu\/en\/wp-json\/wp\/v2\/users\/1"}],"replies":[{"embeddable":true,"href":"https:\/\/www.jankovits.hu\/en\/wp-json\/wp\/v2\/comments?post=1249"}],"version-history":[{"count":0,"href":"https:\/\/www.jankovits.hu\/en\/wp-json\/wp\/v2\/pages\/1249\/revisions"}],"wp:featuredmedia":[{"embeddable":true,"href":"https:\/\/www.jankovits.hu\/en\/wp-json\/wp\/v2\/media\/973"}],"wp:attachment":[{"href":"https:\/\/www.jankovits.hu\/en\/wp-json\/wp\/v2\/media?parent=1249"}],"curies":[{"name":"wp","href":"https:\/\/api.w.org\/{rel}","templated":true}]}}