{"id":1251,"date":"2018-01-09T14:42:41","date_gmt":"2018-01-09T13:42:41","guid":{"rendered":"https:\/\/www.jankovits.hu\/kapcsolat\/"},"modified":"2019-04-16T12:22:36","modified_gmt":"2019-04-16T10:22:36","slug":"contact","status":"publish","type":"page","link":"https:\/\/www.jankovits.hu\/en\/contact\/","title":{"rendered":"Contact"},"content":{"rendered":"<h2>CONTACT INFORMATION<\/h2>\n<p>JANKOVITS ENGINEERING KFT.<br \/>\n<strong>Address:<\/strong> H-9027 Gy\u0151r, Juharfa u. 3.<br \/>\n<strong>Telephone:<\/strong> +36 96 512-060<br \/>\n<strong>Fax:<\/strong> +36 96 419-537<\/p>\n<p><strong>OFFICE OPENING:<\/strong><br \/>\non weekdays 8.00 \u2013 16.00<\/p>\n<p><strong>GPS coordinates:<\/strong><br \/>\nN 47,68104 E 17,69700<br \/>\n(N 47\u2070 40\u2019 50\u201d E 17\u2070 41\u2019 50\u201d)<\/p>\n<p><strong>Mailing address:<\/strong> 9002 Gy\u0151r Pf. 99<\/p>\n<p><a class=\"button text-no-hollow\" href=\"https:\/\/www.jankovits.hu\/en\/contact\/contact-us\/\">Contact Us<\/a><\/p>\n<p><a class=\"button text-no-hollow\" href=\"https:\/\/www.jankovits.hu\/en\/team\/\">Our team<\/a><\/p>\n<p><a class=\"button text-no-hollow\" href=\"https:\/\/www.jankovits.hu\/en\/ask-for-a-quote\/\">Ask for a quote<\/a><\/p>\n","protected":false},"excerpt":{"rendered":"<p>CONTACT INFORMATION JANKOVITS ENGINEERING KFT. Address: H-9027 Gy\u0151r, Juharfa u. 3. Telephone: +36 96 512-060 Fax: +36 96 419-537 OFFICE OPENING: on weekdays 8.00 \u2013 16.00 GPS coordinates: N 47,68104 E 17,69700 (N 47\u2070 40\u2019 50\u201d E 17\u2070 41\u2019 50\u201d) \u2026<\/p>\n<p><a class=\"button text-no-hollow\" href=\"https:\/\/www.jankovits.hu\/en\/contact\/\" rel=\"nofollow\">Read More<\/a><\/p>\n","protected":false},"author":1,"featured_media":0,"parent":0,"menu_order":0,"comment_status":"closed","ping_status":"closed","template":"kapcsolat.php","meta":{"footnotes":""},"class_list":["post-1251","page","type-page","status-publish","hentry"],"yoast_head":"<!-- This site is optimized with the Yoast SEO plugin v27.5 - https:\/\/yoast.com\/product\/yoast-seo-wordpress\/ -->\n<title>Contact - Jankovits Engineering<\/title>\n<meta name=\"robots\" content=\"index, follow, max-snippet:-1, max-image-preview:large, max-video-preview:-1\" \/>\n<link rel=\"canonical\" href=\"https:\/\/www.jankovits.hu\/en\/contact\/\" \/>\n<meta property=\"og:locale\" content=\"en_US\" \/>\n<meta property=\"og:type\" content=\"article\" \/>\n<meta property=\"og:title\" content=\"Contact - Jankovits Engineering\" \/>\n<meta property=\"og:description\" content=\"CONTACT INFORMATION JANKOVITS ENGINEERING KFT. Address: H-9027 Gy\u0151r, Juharfa u. 3. Telephone: +36 96 512-060 Fax: +36 96 419-537 OFFICE OPENING: on weekdays 8.00 \u2013 16.00 GPS coordinates: N 47,68104 E 17,69700 (N 47\u2070 40\u2019 50\u201d E 17\u2070 41\u2019 50\u201d) \u2026Read More\" \/>\n<meta property=\"og:url\" content=\"https:\/\/www.jankovits.hu\/en\/contact\/\" \/>\n<meta property=\"og:site_name\" content=\"Jankovits Engineering\" \/>\n<meta property=\"article:publisher\" content=\"https:\/\/www.facebook.com\/jankovitsengineering\/\" \/>\n<meta property=\"article:modified_time\" content=\"2019-04-16T10:22:36+00:00\" \/>\n<meta name=\"twitter:card\" content=\"summary_large_image\" \/>\n<script type=\"application\/ld+json\" class=\"yoast-schema-graph\">{\"@context\":\"https:\\\/\\\/schema.org\",\"@graph\":[{\"@type\":\"WebPage\",\"@id\":\"https:\\\/\\\/www.jankovits.hu\\\/en\\\/contact\\\/\",\"url\":\"https:\\\/\\\/www.jankovits.hu\\\/en\\\/contact\\\/\",\"name\":\"Contact - Jankovits Engineering\",\"isPartOf\":{\"@id\":\"https:\\\/\\\/www.jankovits.hu\\\/en\\\/#website\"},\"datePublished\":\"2018-01-09T13:42:41+00:00\",\"dateModified\":\"2019-04-16T10:22:36+00:00\",\"breadcrumb\":{\"@id\":\"https:\\\/\\\/www.jankovits.hu\\\/en\\\/contact\\\/#breadcrumb\"},\"inLanguage\":\"en-US\",\"potentialAction\":[{\"@type\":\"ReadAction\",\"target\":[\"https:\\\/\\\/www.jankovits.hu\\\/en\\\/contact\\\/\"]}]},{\"@type\":\"BreadcrumbList\",\"@id\":\"https:\\\/\\\/www.jankovits.hu\\\/en\\\/contact\\\/#breadcrumb\",\"itemListElement\":[{\"@type\":\"ListItem\",\"position\":1,\"name\":\"F\u0151oldal\",\"item\":\"https:\\\/\\\/www.jankovits.hu\\\/en\\\/\"},{\"@type\":\"ListItem\",\"position\":2,\"name\":\"Contact\"}]},{\"@type\":\"WebSite\",\"@id\":\"https:\\\/\\\/www.jankovits.hu\\\/en\\\/#website\",\"url\":\"https:\\\/\\\/www.jankovits.hu\\\/en\\\/\",\"name\":\"Jankovits Engineering\",\"description\":\"...\u00e9s az \u00f6tlet m\u0171k\u00f6dik.\",\"publisher\":{\"@id\":\"https:\\\/\\\/www.jankovits.hu\\\/en\\\/#organization\"},\"potentialAction\":[{\"@type\":\"SearchAction\",\"target\":{\"@type\":\"EntryPoint\",\"urlTemplate\":\"https:\\\/\\\/www.jankovits.hu\\\/en\\\/?s={search_term_string}\"},\"query-input\":{\"@type\":\"PropertyValueSpecification\",\"valueRequired\":true,\"valueName\":\"search_term_string\"}}],\"inLanguage\":\"en-US\"},{\"@type\":\"Organization\",\"@id\":\"https:\\\/\\\/www.jankovits.hu\\\/en\\\/#organization\",\"name\":\"Jankovits Engineering Kft.\",\"url\":\"https:\\\/\\\/www.jankovits.hu\\\/en\\\/\",\"logo\":{\"@type\":\"ImageObject\",\"inLanguage\":\"en-US\",\"@id\":\"https:\\\/\\\/www.jankovits.hu\\\/en\\\/#\\\/schema\\\/logo\\\/image\\\/\",\"url\":\"https:\\\/\\\/www.jankovits.hu\\\/wp-content\\\/uploads\\\/2017\\\/06\\\/70902612.jpg\",\"contentUrl\":\"https:\\\/\\\/www.jankovits.hu\\\/wp-content\\\/uploads\\\/2017\\\/06\\\/70902612.jpg\",\"width\":640,\"height\":426,\"caption\":\"Jankovits Engineering Kft.\"},\"image\":{\"@id\":\"https:\\\/\\\/www.jankovits.hu\\\/en\\\/#\\\/schema\\\/logo\\\/image\\\/\"},\"sameAs\":[\"https:\\\/\\\/www.facebook.com\\\/jankovitsengineering\\\/\",\"https:\\\/\\\/www.linkedin.com\\\/company\\\/jankovitsengineering\",\"https:\\\/\\\/www.youtube.com\\\/channel\\\/UCLlfwpLUTCnolx27lIAS7kQ\\\/videos\"]}]}<\/script>\n<!-- \/ Yoast SEO plugin. -->","yoast_head_json":{"title":"Contact - Jankovits Engineering","robots":{"index":"index","follow":"follow","max-snippet":"max-snippet:-1","max-image-preview":"max-image-preview:large","max-video-preview":"max-video-preview:-1"},"canonical":"https:\/\/www.jankovits.hu\/en\/contact\/","og_locale":"en_US","og_type":"article","og_title":"Contact - Jankovits Engineering","og_description":"CONTACT INFORMATION JANKOVITS ENGINEERING KFT. Address: H-9027 Gy\u0151r, Juharfa u. 3. Telephone: +36 96 512-060 Fax: +36 96 419-537 OFFICE OPENING: on weekdays 8.00 \u2013 16.00 GPS coordinates: N 47,68104 E 17,69700 (N 47\u2070 40\u2019 50\u201d E 17\u2070 41\u2019 50\u201d) \u2026Read More","og_url":"https:\/\/www.jankovits.hu\/en\/contact\/","og_site_name":"Jankovits Engineering","article_publisher":"https:\/\/www.facebook.com\/jankovitsengineering\/","article_modified_time":"2019-04-16T10:22:36+00:00","twitter_card":"summary_large_image","schema":{"@context":"https:\/\/schema.org","@graph":[{"@type":"WebPage","@id":"https:\/\/www.jankovits.hu\/en\/contact\/","url":"https:\/\/www.jankovits.hu\/en\/contact\/","name":"Contact - Jankovits Engineering","isPartOf":{"@id":"https:\/\/www.jankovits.hu\/en\/#website"},"datePublished":"2018-01-09T13:42:41+00:00","dateModified":"2019-04-16T10:22:36+00:00","breadcrumb":{"@id":"https:\/\/www.jankovits.hu\/en\/contact\/#breadcrumb"},"inLanguage":"en-US","potentialAction":[{"@type":"ReadAction","target":["https:\/\/www.jankovits.hu\/en\/contact\/"]}]},{"@type":"BreadcrumbList","@id":"https:\/\/www.jankovits.hu\/en\/contact\/#breadcrumb","itemListElement":[{"@type":"ListItem","position":1,"name":"F\u0151oldal","item":"https:\/\/www.jankovits.hu\/en\/"},{"@type":"ListItem","position":2,"name":"Contact"}]},{"@type":"WebSite","@id":"https:\/\/www.jankovits.hu\/en\/#website","url":"https:\/\/www.jankovits.hu\/en\/","name":"Jankovits Engineering","description":"...\u00e9s az \u00f6tlet m\u0171k\u00f6dik.","publisher":{"@id":"https:\/\/www.jankovits.hu\/en\/#organization"},"potentialAction":[{"@type":"SearchAction","target":{"@type":"EntryPoint","urlTemplate":"https:\/\/www.jankovits.hu\/en\/?s={search_term_string}"},"query-input":{"@type":"PropertyValueSpecification","valueRequired":true,"valueName":"search_term_string"}}],"inLanguage":"en-US"},{"@type":"Organization","@id":"https:\/\/www.jankovits.hu\/en\/#organization","name":"Jankovits Engineering Kft.","url":"https:\/\/www.jankovits.hu\/en\/","logo":{"@type":"ImageObject","inLanguage":"en-US","@id":"https:\/\/www.jankovits.hu\/en\/#\/schema\/logo\/image\/","url":"https:\/\/www.jankovits.hu\/wp-content\/uploads\/2017\/06\/70902612.jpg","contentUrl":"https:\/\/www.jankovits.hu\/wp-content\/uploads\/2017\/06\/70902612.jpg","width":640,"height":426,"caption":"Jankovits Engineering Kft."},"image":{"@id":"https:\/\/www.jankovits.hu\/en\/#\/schema\/logo\/image\/"},"sameAs":["https:\/\/www.facebook.com\/jankovitsengineering\/","https:\/\/www.linkedin.com\/company\/jankovitsengineering","https:\/\/www.youtube.com\/channel\/UCLlfwpLUTCnolx27lIAS7kQ\/videos"]}]}},"_links":{"self":[{"href":"https:\/\/www.jankovits.hu\/en\/wp-json\/wp\/v2\/pages\/1251","targetHints":{"allow":["GET"]}}],"collection":[{"href":"https:\/\/www.jankovits.hu\/en\/wp-json\/wp\/v2\/pages"}],"about":[{"href":"https:\/\/www.jankovits.hu\/en\/wp-json\/wp\/v2\/types\/page"}],"author":[{"embeddable":true,"href":"https:\/\/www.jankovits.hu\/en\/wp-json\/wp\/v2\/users\/1"}],"replies":[{"embeddable":true,"href":"https:\/\/www.jankovits.hu\/en\/wp-json\/wp\/v2\/comments?post=1251"}],"version-history":[{"count":0,"href":"https:\/\/www.jankovits.hu\/en\/wp-json\/wp\/v2\/pages\/1251\/revisions"}],"wp:attachment":[{"href":"https:\/\/www.jankovits.hu\/en\/wp-json\/wp\/v2\/media?parent=1251"}],"curies":[{"name":"wp","href":"https:\/\/api.w.org\/{rel}","templated":true}]}}