{"id":1282,"date":"2018-01-09T14:41:49","date_gmt":"2018-01-09T13:41:49","guid":{"rendered":"https:\/\/www.jankovits.hu\/markakepviseletek\/"},"modified":"2025-03-26T15:37:39","modified_gmt":"2025-03-26T14:37:39","slug":"brand-representations","status":"publish","type":"page","link":"https:\/\/www.jankovits.hu\/en\/brand-representations\/","title":{"rendered":"Brand representations"},"content":{"rendered":"<ul class=\"jelentkezes accordion\" data-accordion=\"\" data-allow-all-closed=\"true\" data-multi-expand=\"false\">\n<li class=\"accordion-item\" data-accordion-item=\"\"><a class=\"accordion-title\" href=\"#\">Ask for a quote<\/a>\n<div class=\"accordion-content\" data-tab-content=\"\">\n<div class=\"wpcf7 no-js\" id=\"wpcf7-f1307-o1\" lang=\"hu-HU\" dir=\"ltr\" data-wpcf7-id=\"1307\">\n<div class=\"screen-reader-response\"><p role=\"status\" aria-live=\"polite\" aria-atomic=\"true\"><\/p> <ul><\/ul><\/div>\n<form action=\"\/en\/wp-json\/wp\/v2\/pages\/1282#wpcf7-f1307-o1\" method=\"post\" class=\"wpcf7-form init\" aria-label=\"Kapcsolatfelv\u00e9teli \u0171rlap\" novalidate=\"novalidate\" data-status=\"init\">\n<fieldset class=\"hidden-fields-container\"><input type=\"hidden\" name=\"_wpcf7\" value=\"1307\" \/><input type=\"hidden\" name=\"_wpcf7_version\" value=\"6.1.6\" \/><input type=\"hidden\" name=\"_wpcf7_locale\" value=\"hu_HU\" \/><input type=\"hidden\" name=\"_wpcf7_unit_tag\" value=\"wpcf7-f1307-o1\" \/><input type=\"hidden\" name=\"_wpcf7_container_post\" value=\"0\" \/><input type=\"hidden\" name=\"_wpcf7_posted_data_hash\" value=\"\" \/>\n<\/fieldset>\n<div class=\"row\">\n\t<div class=\"columns small-12 medium-6 large-6\">\n\t\t<p><label> Company name*<br \/>\n<span class=\"wpcf7-form-control-wrap\" data-name=\"cegnev\"><input size=\"40\" maxlength=\"400\" class=\"wpcf7-form-control wpcf7-text wpcf7-validates-as-required\" aria-required=\"true\" aria-invalid=\"false\" value=\"\" type=\"text\" name=\"cegnev\" \/><\/span> <\/label>\n\t\t<\/p>\n\t<\/div>\n\t<div class=\"columns small-12 medium-6 large-6\">\n\t\t<p><label> Name*<br \/>\n<span class=\"wpcf7-form-control-wrap\" data-name=\"nev\"><input size=\"40\" maxlength=\"400\" class=\"wpcf7-form-control wpcf7-text wpcf7-validates-as-required\" aria-required=\"true\" aria-invalid=\"false\" value=\"\" type=\"text\" name=\"nev\" \/><\/span> <\/label>\n\t\t<\/p>\n\t<\/div>\n<\/div>\n<div class=\"row\">\n\t<div class=\"columns small-12 medium-6 large-6\">\n\t\t<p><label> Telephone*<br \/>\n<span class=\"wpcf7-form-control-wrap\" data-name=\"telefon\"><input size=\"40\" maxlength=\"400\" class=\"wpcf7-form-control wpcf7-tel wpcf7-validates-as-required wpcf7-text wpcf7-validates-as-tel\" aria-required=\"true\" aria-invalid=\"false\" value=\"\" type=\"tel\" name=\"telefon\" \/><\/span> <\/label>\n\t\t<\/p>\n\t<\/div>\n\t<div class=\"columns small-12 medium-6 large-6\">\n\t\t<p><label> Email*<br \/>\n<span class=\"wpcf7-form-control-wrap\" data-name=\"your-email\"><input size=\"40\" maxlength=\"400\" class=\"wpcf7-form-control wpcf7-email wpcf7-validates-as-required wpcf7-text wpcf7-validates-as-email\" aria-required=\"true\" aria-invalid=\"false\" value=\"\" type=\"email\" name=\"your-email\" \/><\/span> <\/label>\n\t\t<\/p>\n\t<\/div>\n<\/div>\n<div class=\"row\">\n\t<div class=\"columns small-12 medium-6 large-6\">\n\t\t<p><label>Which activity do you care about? (more options available)<br \/>\n<span class=\"wpcf7-form-control-wrap\" data-name=\"tevekenysegek\"><select class=\"wpcf7-form-control wpcf7-select\" aria-invalid=\"false\" multiple=\"multiple\" name=\"tevekenysegek[]\"><option value=\"Machinery\">Machinery<\/option><option value=\"Research, development\">Research, development<\/option><option value=\"CNC technology, cutting\">CNC technology, cutting<\/option><option value=\"Hydraulic systems, power supplies\">Hydraulic systems, power supplies<\/option><option value=\"Service, maintenance\">Service, maintenance<\/option><option value=\"Machinery, electric engineering\">Machinery, electric engineering<\/option><option value=\"Machinery part trading\">Machinery part trading<\/option><option value=\"Automation\">Automation<\/option><option value=\"PLC programming\">PLC programming<\/option><option value=\"Technical consultancy\">Technical consultancy<\/option><option value=\"Diagnostics\">Diagnostics<\/option><option value=\"Machine renovation\">Machine renovation<\/option><\/select><\/span><\/label>\n\t\t<\/p>\n\t<\/div>\n\t<div class=\"columns small-12 medium-6 large-6\">\n\t\t<p><label> Message<br \/>\n<span class=\"wpcf7-form-control-wrap\" data-name=\"textarea-465\"><textarea cols=\"40\" rows=\"4\" maxlength=\"2000\" class=\"wpcf7-form-control wpcf7-textarea\" aria-invalid=\"false\" name=\"textarea-465\"><\/textarea><\/span> <\/label>\n\t\t<\/p>\n\t<\/div>\n<\/div>\n<p><span class=\"wpcf7-form-control-wrap\" data-name=\"your-consent\"><span class=\"wpcf7-form-control wpcf7-acceptance\"><span class=\"wpcf7-list-item\"><label><input type=\"checkbox\" name=\"your-consent\" value=\"1\" aria-invalid=\"false\" \/><span class=\"wpcf7-list-item-label\">I have read, understood and accepted the <a href=\"https:\/\/www.jankovits.hu\/adatkezelesi-tajekoztato\/\" target=\"_blank\">Privacy Policy<\/a>.<\/span><\/label><\/span><\/span><\/span><br \/>\n<input class=\"wpcf7-form-control wpcf7-submit has-spinner\" type=\"submit\" value=\"Request a quote\" \/>\n<\/p><div class=\"wpcf7-response-output\" aria-hidden=\"true\"><\/div>\n<\/form>\n<\/div>\n<\/div>\n<\/li>\n<\/ul>\n","protected":false},"excerpt":{"rendered":"<p>Ask for a quote<\/p>\n<p><a class=\"button text-no-hollow\" href=\"https:\/\/www.jankovits.hu\/en\/brand-representations\/\" rel=\"nofollow\">Read More<\/a><\/p>\n","protected":false},"author":1,"featured_media":0,"parent":0,"menu_order":0,"comment_status":"closed","ping_status":"closed","template":"markakepviselet.php","meta":{"footnotes":""},"class_list":["post-1282","page","type-page","status-publish","hentry"],"yoast_head":"<!-- This site is optimized with the Yoast SEO plugin v27.6 - https:\/\/yoast.com\/product\/yoast-seo-wordpress\/ -->\n<title>Brand representations - Jankovits Engineering<\/title>\n<meta name=\"robots\" content=\"index, follow, max-snippet:-1, max-image-preview:large, max-video-preview:-1\" \/>\n<link rel=\"canonical\" href=\"https:\/\/www.jankovits.hu\/en\/brand-representations\/\" \/>\n<meta property=\"og:locale\" content=\"en_US\" \/>\n<meta property=\"og:type\" content=\"article\" \/>\n<meta property=\"og:title\" content=\"Brand representations - Jankovits Engineering\" \/>\n<meta property=\"og:description\" content=\"Ask for a quoteRead More\" \/>\n<meta property=\"og:url\" content=\"https:\/\/www.jankovits.hu\/en\/brand-representations\/\" \/>\n<meta property=\"og:site_name\" content=\"Jankovits Engineering\" \/>\n<meta property=\"article:publisher\" content=\"https:\/\/www.facebook.com\/jankovitsengineering\/\" \/>\n<meta property=\"article:modified_time\" content=\"2025-03-26T14:37:39+00:00\" \/>\n<meta name=\"twitter:card\" content=\"summary_large_image\" \/>\n<meta name=\"twitter:label1\" content=\"Est. reading time\" \/>\n\t<meta name=\"twitter:data1\" content=\"1 minute\" \/>\n<script type=\"application\/ld+json\" class=\"yoast-schema-graph\">{\"@context\":\"https:\\\/\\\/schema.org\",\"@graph\":[{\"@type\":\"WebPage\",\"@id\":\"https:\\\/\\\/www.jankovits.hu\\\/en\\\/brand-representations\\\/\",\"url\":\"https:\\\/\\\/www.jankovits.hu\\\/en\\\/brand-representations\\\/\",\"name\":\"Brand representations - Jankovits Engineering\",\"isPartOf\":{\"@id\":\"https:\\\/\\\/www.jankovits.hu\\\/en\\\/#website\"},\"datePublished\":\"2018-01-09T13:41:49+00:00\",\"dateModified\":\"2025-03-26T14:37:39+00:00\",\"breadcrumb\":{\"@id\":\"https:\\\/\\\/www.jankovits.hu\\\/en\\\/brand-representations\\\/#breadcrumb\"},\"inLanguage\":\"en-US\",\"potentialAction\":[{\"@type\":\"ReadAction\",\"target\":[\"https:\\\/\\\/www.jankovits.hu\\\/en\\\/brand-representations\\\/\"]}]},{\"@type\":\"BreadcrumbList\",\"@id\":\"https:\\\/\\\/www.jankovits.hu\\\/en\\\/brand-representations\\\/#breadcrumb\",\"itemListElement\":[{\"@type\":\"ListItem\",\"position\":1,\"name\":\"F\u0151oldal\",\"item\":\"https:\\\/\\\/www.jankovits.hu\\\/en\\\/\"},{\"@type\":\"ListItem\",\"position\":2,\"name\":\"Brand representations\"}]},{\"@type\":\"WebSite\",\"@id\":\"https:\\\/\\\/www.jankovits.hu\\\/en\\\/#website\",\"url\":\"https:\\\/\\\/www.jankovits.hu\\\/en\\\/\",\"name\":\"Jankovits Engineering\",\"description\":\"...\u00e9s az \u00f6tlet m\u0171k\u00f6dik.\",\"publisher\":{\"@id\":\"https:\\\/\\\/www.jankovits.hu\\\/en\\\/#organization\"},\"potentialAction\":[{\"@type\":\"SearchAction\",\"target\":{\"@type\":\"EntryPoint\",\"urlTemplate\":\"https:\\\/\\\/www.jankovits.hu\\\/en\\\/?s={search_term_string}\"},\"query-input\":{\"@type\":\"PropertyValueSpecification\",\"valueRequired\":true,\"valueName\":\"search_term_string\"}}],\"inLanguage\":\"en-US\"},{\"@type\":\"Organization\",\"@id\":\"https:\\\/\\\/www.jankovits.hu\\\/en\\\/#organization\",\"name\":\"Jankovits Engineering Kft.\",\"url\":\"https:\\\/\\\/www.jankovits.hu\\\/en\\\/\",\"logo\":{\"@type\":\"ImageObject\",\"inLanguage\":\"en-US\",\"@id\":\"https:\\\/\\\/www.jankovits.hu\\\/en\\\/#\\\/schema\\\/logo\\\/image\\\/\",\"url\":\"https:\\\/\\\/www.jankovits.hu\\\/wp-content\\\/uploads\\\/2017\\\/06\\\/70902612.jpg\",\"contentUrl\":\"https:\\\/\\\/www.jankovits.hu\\\/wp-content\\\/uploads\\\/2017\\\/06\\\/70902612.jpg\",\"width\":640,\"height\":426,\"caption\":\"Jankovits Engineering Kft.\"},\"image\":{\"@id\":\"https:\\\/\\\/www.jankovits.hu\\\/en\\\/#\\\/schema\\\/logo\\\/image\\\/\"},\"sameAs\":[\"https:\\\/\\\/www.facebook.com\\\/jankovitsengineering\\\/\",\"https:\\\/\\\/www.linkedin.com\\\/company\\\/jankovitsengineering\",\"https:\\\/\\\/www.youtube.com\\\/channel\\\/UCLlfwpLUTCnolx27lIAS7kQ\\\/videos\"]}]}<\/script>\n<!-- \/ Yoast SEO plugin. -->","yoast_head_json":{"title":"Brand representations - Jankovits Engineering","robots":{"index":"index","follow":"follow","max-snippet":"max-snippet:-1","max-image-preview":"max-image-preview:large","max-video-preview":"max-video-preview:-1"},"canonical":"https:\/\/www.jankovits.hu\/en\/brand-representations\/","og_locale":"en_US","og_type":"article","og_title":"Brand representations - Jankovits Engineering","og_description":"Ask for a quoteRead More","og_url":"https:\/\/www.jankovits.hu\/en\/brand-representations\/","og_site_name":"Jankovits Engineering","article_publisher":"https:\/\/www.facebook.com\/jankovitsengineering\/","article_modified_time":"2025-03-26T14:37:39+00:00","twitter_card":"summary_large_image","twitter_misc":{"Est. reading time":"1 minute"},"schema":{"@context":"https:\/\/schema.org","@graph":[{"@type":"WebPage","@id":"https:\/\/www.jankovits.hu\/en\/brand-representations\/","url":"https:\/\/www.jankovits.hu\/en\/brand-representations\/","name":"Brand representations - Jankovits Engineering","isPartOf":{"@id":"https:\/\/www.jankovits.hu\/en\/#website"},"datePublished":"2018-01-09T13:41:49+00:00","dateModified":"2025-03-26T14:37:39+00:00","breadcrumb":{"@id":"https:\/\/www.jankovits.hu\/en\/brand-representations\/#breadcrumb"},"inLanguage":"en-US","potentialAction":[{"@type":"ReadAction","target":["https:\/\/www.jankovits.hu\/en\/brand-representations\/"]}]},{"@type":"BreadcrumbList","@id":"https:\/\/www.jankovits.hu\/en\/brand-representations\/#breadcrumb","itemListElement":[{"@type":"ListItem","position":1,"name":"F\u0151oldal","item":"https:\/\/www.jankovits.hu\/en\/"},{"@type":"ListItem","position":2,"name":"Brand representations"}]},{"@type":"WebSite","@id":"https:\/\/www.jankovits.hu\/en\/#website","url":"https:\/\/www.jankovits.hu\/en\/","name":"Jankovits Engineering","description":"...\u00e9s az \u00f6tlet m\u0171k\u00f6dik.","publisher":{"@id":"https:\/\/www.jankovits.hu\/en\/#organization"},"potentialAction":[{"@type":"SearchAction","target":{"@type":"EntryPoint","urlTemplate":"https:\/\/www.jankovits.hu\/en\/?s={search_term_string}"},"query-input":{"@type":"PropertyValueSpecification","valueRequired":true,"valueName":"search_term_string"}}],"inLanguage":"en-US"},{"@type":"Organization","@id":"https:\/\/www.jankovits.hu\/en\/#organization","name":"Jankovits Engineering Kft.","url":"https:\/\/www.jankovits.hu\/en\/","logo":{"@type":"ImageObject","inLanguage":"en-US","@id":"https:\/\/www.jankovits.hu\/en\/#\/schema\/logo\/image\/","url":"https:\/\/www.jankovits.hu\/wp-content\/uploads\/2017\/06\/70902612.jpg","contentUrl":"https:\/\/www.jankovits.hu\/wp-content\/uploads\/2017\/06\/70902612.jpg","width":640,"height":426,"caption":"Jankovits Engineering Kft."},"image":{"@id":"https:\/\/www.jankovits.hu\/en\/#\/schema\/logo\/image\/"},"sameAs":["https:\/\/www.facebook.com\/jankovitsengineering\/","https:\/\/www.linkedin.com\/company\/jankovitsengineering","https:\/\/www.youtube.com\/channel\/UCLlfwpLUTCnolx27lIAS7kQ\/videos"]}]}},"_links":{"self":[{"href":"https:\/\/www.jankovits.hu\/en\/wp-json\/wp\/v2\/pages\/1282","targetHints":{"allow":["GET"]}}],"collection":[{"href":"https:\/\/www.jankovits.hu\/en\/wp-json\/wp\/v2\/pages"}],"about":[{"href":"https:\/\/www.jankovits.hu\/en\/wp-json\/wp\/v2\/types\/page"}],"author":[{"embeddable":true,"href":"https:\/\/www.jankovits.hu\/en\/wp-json\/wp\/v2\/users\/1"}],"replies":[{"embeddable":true,"href":"https:\/\/www.jankovits.hu\/en\/wp-json\/wp\/v2\/comments?post=1282"}],"version-history":[{"count":0,"href":"https:\/\/www.jankovits.hu\/en\/wp-json\/wp\/v2\/pages\/1282\/revisions"}],"wp:attachment":[{"href":"https:\/\/www.jankovits.hu\/en\/wp-json\/wp\/v2\/media?parent=1282"}],"curies":[{"name":"wp","href":"https:\/\/api.w.org\/{rel}","templated":true}]}}